{"id":8,"date":"2018-07-09T21:14:22","date_gmt":"2018-07-09T19:14:22","guid":{"rendered":"http:\/\/lezardodavinci.com\/?page_id=8"},"modified":"2018-08-20T19:14:53","modified_gmt":"2018-08-20T17:14:53","slug":"actualites","status":"publish","type":"page","link":"https:\/\/lezardodavinci.com\/?page_id=8","title":{"rendered":"Actualit\u00e9s"},"content":{"rendered":"<p>Lezardo Da Vinci, L&rsquo;ire du Kronophage est en ligne \u00e0 partir du 20 ao\u00fbt 2018. \u00c0 raison d&rsquo;une fois par semaine (chaque lundi), vous aurez acc\u00e8s \u00e0 un nouveau chapitre tout \u00e0 fait gratuitement. Vous acc\u00e9der au livre PDF dans la section Tome IV de ce site.<\/p>\n<p>Bonne Lecture !<\/p>\n<p>Daniel L. Moisan<\/p>\n","protected":false},"excerpt":{"rendered":"<p>Lezardo Da Vinci, L&rsquo;ire du Kronophage est en ligne \u00e0 partir du 20 ao\u00fbt 2018. \u00c0 raison d&rsquo;une fois par semaine (chaque lundi), vous aurez acc\u00e8s \u00e0 un nouveau chapitre tout \u00e0 fait gratuitement. Vous acc\u00e9der au livre PDF dans la section Tome IV de ce site. Bonne Lecture ! Daniel L. Moisan<\/p>\n","protected":false},"author":1,"featured_media":0,"parent":0,"menu_order":0,"comment_status":"closed","ping_status":"closed","template":"","meta":{"footnotes":""},"class_list":["post-8","page","type-page","status-publish","hentry"],"_links":{"self":[{"href":"https:\/\/lezardodavinci.com\/index.php?rest_route=\/wp\/v2\/pages\/8","targetHints":{"allow":["GET"]}}],"collection":[{"href":"https:\/\/lezardodavinci.com\/index.php?rest_route=\/wp\/v2\/pages"}],"about":[{"href":"https:\/\/lezardodavinci.com\/index.php?rest_route=\/wp\/v2\/types\/page"}],"author":[{"embeddable":true,"href":"https:\/\/lezardodavinci.com\/index.php?rest_route=\/wp\/v2\/users\/1"}],"replies":[{"embeddable":true,"href":"https:\/\/lezardodavinci.com\/index.php?rest_route=%2Fwp%2Fv2%2Fcomments&post=8"}],"version-history":[{"count":5,"href":"https:\/\/lezardodavinci.com\/index.php?rest_route=\/wp\/v2\/pages\/8\/revisions"}],"predecessor-version":[{"id":46,"href":"https:\/\/lezardodavinci.com\/index.php?rest_route=\/wp\/v2\/pages\/8\/revisions\/46"}],"wp:attachment":[{"href":"https:\/\/lezardodavinci.com\/index.php?rest_route=%2Fwp%2Fv2%2Fmedia&parent=8"}],"curies":[{"name":"wp","href":"https:\/\/api.w.org\/{rel}","templated":true}]}}